{"id":83,"date":"2025-12-29T18:24:42","date_gmt":"2025-12-29T18:24:42","guid":{"rendered":"https:\/\/web55.blc.edu.ba\/?page_id=83"},"modified":"2025-12-29T18:38:09","modified_gmt":"2025-12-29T18:38:09","slug":"usluge","status":"publish","type":"page","link":"https:\/\/web55.blc.edu.ba\/index.php\/usluge\/","title":{"rendered":"Usluge"},"content":{"rendered":"\n<div class=\"wp-block-group alignfull has-global-padding is-layout-constrained wp-container-core-group-is-layout-490fa1db wp-block-group-is-layout-constrained\" style=\"padding-top:var(--wp--preset--spacing--50);padding-right:var(--wp--preset--spacing--50);padding-bottom:var(--wp--preset--spacing--50);padding-left:var(--wp--preset--spacing--50)\">\n<div class=\"wp-block-group has-global-padding is-layout-constrained wp-container-core-group-is-layout-650790e1 wp-block-group-is-layout-constrained\">\n<h1 class=\"wp-block-heading has-text-align-center has-x-large-font-size\">Usluge digitalne \u0161tampe<\/h1>\n\n\n\n<div style=\"height:1.25rem\" aria-hidden=\"true\" class=\"wp-block-spacer\"><\/div>\n\n\n\n<p class=\"has-text-align-center\"><\/p>\n\n\n\n<h3 class=\"wp-block-heading\">Brza i kvalitetna digitalna \u0161tampa za sve va\u0161e potrebe<\/h3>\n\n\n\n<p>Na\u0161a firma nudi \u0161irok spektar usluga digitalne \u0161tampe, prilago\u0111enih kako malim, tako i velikim projektima. Bilo da vam trebaju vizitke, flajeri, posteri, baneri ili personalizovani materijali, mi pru\u017eamo <strong>visokokvalitetnu \u0161tampu<\/strong> i brz turnaround.<\/p>\n<\/div>\n\n\n\n<div style=\"height:100px\" aria-hidden=\"true\" class=\"wp-block-spacer\"><\/div>\n\n\n\n<div class=\"wp-block-group has-global-padding is-layout-constrained wp-container-core-group-is-layout-650790e1 wp-block-group-is-layout-constrained\">\n<h3 class=\"wp-block-heading\">Na\u0161a ponuda uklju\u010duje:<\/h3>\n\n\n\n<ul class=\"wp-block-list\">\n<li><strong>Vizitke i bro\u0161ure<\/strong> \u2013 profesionalni dizajn i precizna \u0161tampa<\/li>\n\n\n\n<li><strong>Posteri i baneri<\/strong> \u2013 razli\u010dite dimenzije i materijali<\/li>\n\n\n\n<li><strong>Personalizovani materijali<\/strong> \u2013 majice, \u0161olje, pozivnice<\/li>\n\n\n\n<li><strong>Velikoformatna \u0161tampa<\/strong> \u2013 za ogla\u0161avanje i dekoraciju prostora<\/li>\n<\/ul>\n<\/div>\n\n\n\n<div style=\"height:100px\" aria-hidden=\"true\" class=\"wp-block-spacer\"><\/div>\n\n\n\n<div class=\"wp-block-group has-global-padding is-layout-constrained wp-container-core-group-is-layout-650790e1 wp-block-group-is-layout-constrained\">\n<h3 class=\"wp-block-heading\">Za\u0161to odabrati nas?<\/h3>\n\n\n\n<ul class=\"wp-block-list\">\n<li>Moderni digitalni printeri koji garantuju <strong>o\u0161tru i jasnu sliku<\/strong><\/li>\n\n\n\n<li>Brza realizacija narud\u017ebi, \u010dak i za male serije<\/li>\n\n\n\n<li>Pristupa\u010dne cijene bez kompromisa na kvalitetu<\/li>\n\n\n\n<li>Individualni pristup svakom klijentu<\/li>\n\n\n\n<li>\ud83d\udca1 <strong>Kontaktirajte nas<\/strong> danas i saznajte kako mo\u017eemo realizovati va\u0161 projekat brzo, precizno i profesionalno.<\/li>\n<\/ul>\n\n\n\n<div style=\"height:1.25rem\" aria-hidden=\"true\" class=\"wp-block-spacer\"><\/div>\n<\/div>\n\n\n\n<div style=\"height:var(--wp--preset--spacing--30)\" aria-hidden=\"true\" class=\"wp-block-spacer\"><\/div>\n\n\n\n<figure class=\"wp-block-image alignwide size-full is-style-rounded is-style-rounded--1\"><img fetchpriority=\"high\" decoding=\"async\" width=\"800\" height=\"800\" src=\"https:\/\/web55.blc.edu.ba\/wp-content\/uploads\/2025\/12\/usluge_small.png\" alt=\"\" class=\"wp-image-84\" srcset=\"https:\/\/web55.blc.edu.ba\/wp-content\/uploads\/2025\/12\/usluge_small.png 800w, https:\/\/web55.blc.edu.ba\/wp-content\/uploads\/2025\/12\/usluge_small-300x300.png 300w, https:\/\/web55.blc.edu.ba\/wp-content\/uploads\/2025\/12\/usluge_small-150x150.png 150w, https:\/\/web55.blc.edu.ba\/wp-content\/uploads\/2025\/12\/usluge_small-768x768.png 768w\" sizes=\"(max-width: 800px) 100vw, 800px\" \/><\/figure>\n<\/div>\n","protected":false},"excerpt":{"rendered":"<p>Usluge digitalne \u0161tampe Brza i kvalitetna digitalna \u0161tampa za sve va\u0161e potrebe Na\u0161a firma nudi \u0161irok spektar usluga digitalne \u0161tampe, prilago\u0111enih kako malim, tako i velikim projektima. Bilo da vam trebaju vizitke, flajeri, posteri, baneri ili personalizovani materijali, mi pru\u017eamo visokokvalitetnu \u0161tampu i brz turnaround. Na\u0161a ponuda uklju\u010duje: Za\u0161to odabrati nas?<\/p>\n","protected":false},"author":1,"featured_media":0,"parent":0,"menu_order":0,"comment_status":"closed","ping_status":"closed","template":"","meta":{"footnotes":""},"class_list":["post-83","page","type-page","status-publish","hentry"],"_links":{"self":[{"href":"https:\/\/web55.blc.edu.ba\/index.php\/wp-json\/wp\/v2\/pages\/83","targetHints":{"allow":["GET"]}}],"collection":[{"href":"https:\/\/web55.blc.edu.ba\/index.php\/wp-json\/wp\/v2\/pages"}],"about":[{"href":"https:\/\/web55.blc.edu.ba\/index.php\/wp-json\/wp\/v2\/types\/page"}],"author":[{"embeddable":true,"href":"https:\/\/web55.blc.edu.ba\/index.php\/wp-json\/wp\/v2\/users\/1"}],"replies":[{"embeddable":true,"href":"https:\/\/web55.blc.edu.ba\/index.php\/wp-json\/wp\/v2\/comments?post=83"}],"version-history":[{"count":3,"href":"https:\/\/web55.blc.edu.ba\/index.php\/wp-json\/wp\/v2\/pages\/83\/revisions"}],"predecessor-version":[{"id":92,"href":"https:\/\/web55.blc.edu.ba\/index.php\/wp-json\/wp\/v2\/pages\/83\/revisions\/92"}],"wp:attachment":[{"href":"https:\/\/web55.blc.edu.ba\/index.php\/wp-json\/wp\/v2\/media?parent=83"}],"curies":[{"name":"wp","href":"https:\/\/api.w.org\/{rel}","templated":true}]}}